{"id":530,"date":"2018-02-23T02:33:16","date_gmt":"2018-02-23T02:33:16","guid":{"rendered":"http:\/\/peruangels.wpengine.com\/miembros-de-la-junta\/"},"modified":"2018-02-23T02:33:18","modified_gmt":"2018-02-23T02:33:18","slug":"miembros-de-la-junta","status":"publish","type":"page","link":"https:\/\/angelsoftheamazon.org\/es\/miembros-de-la-junta\/","title":{"rendered":"Miembros de la Junta"},"content":{"rendered":"<p>[et_pb_section fb_built=&#8221;1&#8243; fullwidth=&#8221;on&#8221; _builder_version=&#8221;3.0.95&#8243; box_shadow_style=&#8221;preset1&#8243; box_shadow_color=&#8221;rgba(130,82,1,0.43)&#8221;][et_pb_fullwidth_header title=&#8221;Miembros de la Junta&#8221; background_layout=&#8221;dark&#8221; text_orientation=&#8221;center&#8221; background_overlay_color=&#8221;rgba(22,0,0,0.47)&#8221; _builder_version=&#8221;3.0.102&#8243; title_font=&#8221;|700||on|||||&#8221; title_font_size=&#8221;50px&#8221; title_letter_spacing=&#8221;5px&#8221; background_image=&#8221;http:\/\/peruangels.wpengine.com\/wp-content\/uploads\/2018\/02\/14566471_2280848368721388_2086655784123957932_o.jpg&#8221; text_shadow_style=&#8221;preset3&#8243; text_shadow_color=&#8221;rgba(214,157,0,0.86)&#8221;][\/et_pb_fullwidth_header][\/et_pb_section][et_pb_section fb_built=&#8221;1&#8243; _builder_version=&#8221;3.0.102&#8243; top_divider_style=&#8221;ramp2&#8243; top_divider_color=&#8221;#52a500&#8243; bottom_divider_style=&#8221;ramp2&#8243; bottom_divider_color=&#8221;#52a500&#8243; bottom_divider_height=&#8221;130px&#8221;][et_pb_row custom_margin=&#8221;3em|||&#8221; _builder_version=&#8221;3.0.102&#8243;][et_pb_column type=&#8221;1_4&#8243; _builder_version=&#8221;3.0.102&#8243; parallax=&#8221;off&#8221; parallax_method=&#8221;on&#8221;][\/et_pb_column][et_pb_column type=&#8221;1_4&#8243; _builder_version=&#8221;3.0.102&#8243; parallax=&#8221;off&#8221; parallax_method=&#8221;on&#8221;][et_pb_image src=&#8221;http:\/\/peruangels.wpengine.com\/wp-content\/uploads\/2018\/02\/Dolly-Beaver.png&#8221; _builder_version=&#8221;3.0.102&#8243;][\/et_pb_image][\/et_pb_column][et_pb_column type=&#8221;1_4&#8243; _builder_version=&#8221;3.0.102&#8243; parallax=&#8221;off&#8221; parallax_method=&#8221;on&#8221;][et_pb_text _builder_version=&#8221;3.0.102&#8243;]<\/p>\n<h1>Dolly Beaver<\/h1>\n<p>informaci\u00f3n sobre el miembro de la junta[\/et_pb_text][\/et_pb_column][et_pb_column type=&#8221;1_4&#8243; _builder_version=&#8221;3.0.102&#8243; parallax=&#8221;off&#8221; parallax_method=&#8221;on&#8221;][\/et_pb_column][\/et_pb_row][et_pb_row _builder_version=&#8221;3.0.47&#8243; background_size=&#8221;initial&#8221; background_position=&#8221;top_left&#8221; background_repeat=&#8221;repeat&#8221;][et_pb_column type=&#8221;1_4&#8243; _builder_version=&#8221;3.0.47&#8243; parallax=&#8221;off&#8221; parallax_method=&#8221;on&#8221;][et_pb_image src=&#8221;http:\/\/peruangels.wpengine.com\/wp-content\/uploads\/2018\/02\/PLACEHOLDER_circle.png&#8221; _builder_version=&#8221;3.0.102&#8243;][\/et_pb_image][\/et_pb_column][et_pb_column type=&#8221;1_4&#8243; _builder_version=&#8221;3.0.47&#8243; parallax=&#8221;off&#8221; parallax_method=&#8221;on&#8221;][et_pb_text _builder_version=&#8221;3.0.102&#8243;]<\/p>\n<h1>Dorothy Knox<\/h1>\n<p>informaci\u00f3n sobre el miembro de la junta[\/et_pb_text][\/et_pb_column][et_pb_column type=&#8221;1_4&#8243; _builder_version=&#8221;3.0.47&#8243; parallax=&#8221;off&#8221; parallax_method=&#8221;on&#8221;][et_pb_image src=&#8221;http:\/\/peruangels.wpengine.com\/wp-content\/uploads\/2018\/02\/PLACEHOLDER_circle.png&#8221; _builder_version=&#8221;3.0.102&#8243;][\/et_pb_image][\/et_pb_column][et_pb_column type=&#8221;1_4&#8243; _builder_version=&#8221;3.0.47&#8243; parallax=&#8221;off&#8221; parallax_method=&#8221;on&#8221;][et_pb_text _builder_version=&#8221;3.0.102&#8243;]<\/p>\n<h1>Mika Lawson<\/h1>\n<p>informaci\u00f3n sobre el miembro de la junta[\/et_pb_text][\/et_pb_column][\/et_pb_row][et_pb_row _builder_version=&#8221;3.0.47&#8243; background_size=&#8221;initial&#8221; background_position=&#8221;top_left&#8221; background_repeat=&#8221;repeat&#8221;][et_pb_column type=&#8221;1_4&#8243; _builder_version=&#8221;3.0.47&#8243; parallax=&#8221;off&#8221; parallax_method=&#8221;on&#8221;][et_pb_text _builder_version=&#8221;3.0.102&#8243;]<\/p>\n<h1>Cindy Lobach<\/h1>\n<p>informaci\u00f3n sobre el miembro de la junta[\/et_pb_text][\/et_pb_column][et_pb_column type=&#8221;1_4&#8243; _builder_version=&#8221;3.0.47&#8243; parallax=&#8221;off&#8221; parallax_method=&#8221;on&#8221;][et_pb_image src=&#8221;http:\/\/peruangels.wpengine.com\/wp-content\/uploads\/2018\/02\/Cindy-Lobach.png&#8221; _builder_version=&#8221;3.0.102&#8243;][\/et_pb_image][\/et_pb_column][et_pb_column type=&#8221;1_4&#8243; _builder_version=&#8221;3.0.47&#8243; parallax=&#8221;off&#8221; parallax_method=&#8221;on&#8221;][et_pb_text _builder_version=&#8221;3.0.102&#8243;]<\/p>\n<h1>Anissa Morris<\/h1>\n<p>informaci\u00f3n sobre el miembro de la junta[\/et_pb_text][\/et_pb_column][et_pb_column type=&#8221;1_4&#8243; _builder_version=&#8221;3.0.47&#8243; parallax=&#8221;off&#8221; parallax_method=&#8221;on&#8221;][et_pb_image src=&#8221;http:\/\/peruangels.wpengine.com\/wp-content\/uploads\/2018\/02\/PLACEHOLDER_circle.png&#8221; _builder_version=&#8221;3.0.102&#8243;][\/et_pb_image][\/et_pb_column][\/et_pb_row][et_pb_row custom_margin=&#8221;||3em|&#8221; _builder_version=&#8221;3.0.102&#8243; background_size=&#8221;initial&#8221; background_position=&#8221;top_left&#8221; background_repeat=&#8221;repeat&#8221;][et_pb_column type=&#8221;1_4&#8243; _builder_version=&#8221;3.0.47&#8243; parallax=&#8221;off&#8221; parallax_method=&#8221;on&#8221;][et_pb_image src=&#8221;http:\/\/peruangels.wpengine.com\/wp-content\/uploads\/2018\/02\/Mary-Standifer.png&#8221; _builder_version=&#8221;3.0.102&#8243;][\/et_pb_image][\/et_pb_column][et_pb_column type=&#8221;1_4&#8243; _builder_version=&#8221;3.0.47&#8243; parallax=&#8221;off&#8221; parallax_method=&#8221;on&#8221;][et_pb_text _builder_version=&#8221;3.0.102&#8243;]<\/p>\n<h1>Mary Standifer<\/h1>\n<p>informaci\u00f3n sobre el miembro de la junta[\/et_pb_text][\/et_pb_column][et_pb_column type=&#8221;1_4&#8243; _builder_version=&#8221;3.0.47&#8243; parallax=&#8221;off&#8221; parallax_method=&#8221;on&#8221;][et_pb_image src=&#8221;http:\/\/peruangels.wpengine.com\/wp-content\/uploads\/2018\/02\/Millie-Timar.png&#8221; _builder_version=&#8221;3.0.102&#8243;][\/et_pb_image][\/et_pb_column][et_pb_column type=&#8221;1_4&#8243; _builder_version=&#8221;3.0.47&#8243; parallax=&#8221;off&#8221; parallax_method=&#8221;on&#8221;][et_pb_text _builder_version=&#8221;3.0.102&#8243;]<\/p>\n<h1>Millie Timar<\/h1>\n<p>informaci\u00f3n sobre el miembro de la junta[\/et_pb_text][\/et_pb_column][\/et_pb_row][\/et_pb_section]<\/p>\n","protected":false},"excerpt":{"rendered":"<p>Dolly Beaver informaci\u00f3n sobre el miembro de la juntaDorothy Knox informaci\u00f3n sobre el miembro de la juntaMika Lawson informaci\u00f3n sobre el miembro de la juntaCindy Lobach informaci\u00f3n sobre el miembro de la juntaAnissa Morris informaci\u00f3n sobre el miembro de la juntaMary Standifer informaci\u00f3n sobre el miembro de la juntaMillie Timar informaci\u00f3n sobre el miembro de [&hellip;]<\/p>\n","protected":false},"author":2,"featured_media":0,"parent":0,"menu_order":0,"comment_status":"closed","ping_status":"closed","template":"","meta":{"_et_pb_use_builder":"on","_et_pb_old_content":"","_et_gb_content_width":"","_monsterinsights_skip_tracking":false,"_monsterinsights_sitenote_active":false,"_monsterinsights_sitenote_note":"","_monsterinsights_sitenote_category":0,"footnotes":""},"dipi_cpt_category":[],"class_list":["post-530","page","type-page","status-publish","hentry"],"_links":{"self":[{"href":"https:\/\/angelsoftheamazon.org\/es\/wp-json\/wp\/v2\/pages\/530","targetHints":{"allow":["GET"]}}],"collection":[{"href":"https:\/\/angelsoftheamazon.org\/es\/wp-json\/wp\/v2\/pages"}],"about":[{"href":"https:\/\/angelsoftheamazon.org\/es\/wp-json\/wp\/v2\/types\/page"}],"author":[{"embeddable":true,"href":"https:\/\/angelsoftheamazon.org\/es\/wp-json\/wp\/v2\/users\/2"}],"replies":[{"embeddable":true,"href":"https:\/\/angelsoftheamazon.org\/es\/wp-json\/wp\/v2\/comments?post=530"}],"version-history":[{"count":0,"href":"https:\/\/angelsoftheamazon.org\/es\/wp-json\/wp\/v2\/pages\/530\/revisions"}],"wp:attachment":[{"href":"https:\/\/angelsoftheamazon.org\/es\/wp-json\/wp\/v2\/media?parent=530"}],"wp:term":[{"taxonomy":"dipi_cpt_category","embeddable":true,"href":"https:\/\/angelsoftheamazon.org\/es\/wp-json\/wp\/v2\/dipi_cpt_category?post=530"}],"curies":[{"name":"wp","href":"https:\/\/api.w.org\/{rel}","templated":true}]}}