{"id":573,"date":"2018-02-24T06:27:02","date_gmt":"2018-02-24T06:27:02","guid":{"rendered":"http:\/\/angelsoftheamazon.org\/nuestra-mision\/"},"modified":"2018-02-25T23:02:02","modified_gmt":"2018-02-25T23:02:02","slug":"nuestra-mision","status":"publish","type":"page","link":"https:\/\/angelsoftheamazon.org\/es\/nuestra-mision\/","title":{"rendered":"Nuestra Misi\u00f3n"},"content":{"rendered":"<p>[et_pb_section bb_built=&#8221;1&#8243; fullwidth=&#8221;on&#8221; _builder_version=&#8221;3.0.95&#8243; box_shadow_style=&#8221;preset1&#8243; box_shadow_color=&#8221;rgba(130,82,1,0.43)&#8221; next_background_color=&#8221;#000000&#8243;][et_pb_fullwidth_header title=&#8221;Nuestra Misi\u00f3n&#8221; background_layout=&#8221;dark&#8221; text_orientation=&#8221;center&#8221; background_overlay_color=&#8221;rgba(22,0,0,0.47)&#8221; _builder_version=&#8221;3.0.102&#8243; title_font=&#8221;|700||on|||||&#8221; title_font_size=&#8221;50px&#8221; title_letter_spacing=&#8221;5px&#8221; background_image=&#8221;http:\/\/peruangels.wpengine.com\/wp-content\/uploads\/2018\/02\/14566471_2280848368721388_2086655784123957932_o.jpg&#8221; text_shadow_style=&#8221;preset3&#8243; text_shadow_color=&#8221;rgba(214,157,0,0.86)&#8221;]<\/p>\n<p>&nbsp;<\/p>\n<p>[\/et_pb_fullwidth_header][\/et_pb_section][et_pb_section bb_built=&#8221;1&#8243; inner_shadow=&#8221;on&#8221; disabled_on=&#8221;on|on|&#8221; _builder_version=&#8221;3.0.102&#8243; bottom_divider_style=&#8221;ramp2&#8243; bottom_divider_color=&#8221;#52a500&#8243; bottom_divider_height=&#8221;139px&#8221; prev_background_color=&#8221;#000000&#8243; next_background_color=&#8221;#000000&#8243;][et_pb_row make_fullwidth=&#8221;on&#8221; custom_margin=&#8221;-180px||-100px|&#8221; disabled_on=&#8221;off|off|&#8221; _builder_version=&#8221;3.0.102&#8243;][et_pb_column type=&#8221;4_4&#8243;][et_pb_slider show_arrows=&#8221;off&#8221; show_pagination=&#8221;off&#8221; _builder_version=&#8221;3.0.102&#8243; header_font=&#8221;|600|||||||&#8221; header_text_align=&#8221;center&#8221; header_text_color=&#8221;#ae8943&#8243; body_font=&#8221;|600|||||||&#8221; body_text_align=&#8221;center&#8221; body_text_color=&#8221;#161616&#8243;][et_pb_slide heading=&#8221;Cuidado de la Salud, Educaci\u00f3n, Econom\u00eda.&#8221; image=&#8221;http:\/\/peruangels.wpengine.com\/wp-content\/uploads\/2018\/02\/Llunet-fishing.jpg&#8221; use_bg_overlay=&#8221;off&#8221; use_text_overlay=&#8221;off&#8221; background_layout=&#8221;light&#8221; _builder_version=&#8221;3.0.102&#8243; header_font=&#8221;||||||||&#8221; body_font=&#8221;||||||||&#8221; custom_button=&#8221;off&#8221; button_on_hover=&#8221;on&#8221;]<\/p>\n<h4>Fundada en 2007 como una organizaci\u00f3n sin fines de lucro, la misi\u00f3n de la fundaci\u00f3n Angeles del Amazonas (AoA) es proporcionar ayuda a los 8,000 ind\u00edgenas que viven en las 12 comunidades en el area del r\u00edo Tahuayo. El r\u00edo Tahuayo es un modesto afluente del alto r\u00edo Amazonas, a unas 100 millas al SSO de Iquitos, Per\u00fa. Esta es una parte muy remota del mundo. La ciudad de Iquitos es la ciudad m\u00e1s grande del mundo que no est\u00e1 conectada a ninguna otra ciudad por carretera, rodeada por la impenetrable jungla amaz\u00f3nica.<\/h4>\n<p>[\/et_pb_slide][\/et_pb_slider][\/et_pb_column][\/et_pb_row][\/et_pb_section][et_pb_section bb_built=&#8221;1&#8243; disabled_on=&#8221;||on&#8221; _builder_version=&#8221;3.0.102&#8243; bottom_divider_style=&#8221;ramp2&#8243; bottom_divider_color=&#8221;#52a500&#8243; prev_background_color=&#8221;#000000&#8243; next_background_color=&#8221;#000000&#8243;][et_pb_row _builder_version=&#8221;3.0.47&#8243; background_size=&#8221;initial&#8221; background_position=&#8221;top_left&#8221; background_repeat=&#8221;repeat&#8221;][et_pb_column type=&#8221;4_4&#8243;][et_pb_text _builder_version=&#8221;3.0.102&#8243;]<\/p>\n<h2>Salud, Educaci\u00f3n, Econom\u00eda.<\/h2>\n<h4>Fundada en 2007 como una organizaci\u00f3n sin fines de lucro, la misi\u00f3n de la fundaci\u00f3n \u00c1ngeles del Amazonas (AoA) es proporcionar ayuda a los 8,000 ind\u00edgenas que viven en las 12 comunidades en el area del r\u00edo Tahuayo. El r\u00edo Tahuayo es un modesto afluente del alto r\u00edo Amazonas, a unas 100 millas al SSO de Iquitos, Per\u00fa. Esta es una parte muy remota del mundo. La ciudad de Iquitos es la ciudad m\u00e1s grande del mundo que no est\u00e1 conectada a ninguna otra ciudad por carretera, rodeada por la impenetrable jungla amaz\u00f3nica.<\/h4>\n<p>[\/et_pb_text][et_pb_image src=&#8221;http:\/\/peruangels.wpengine.com\/wp-content\/uploads\/2018\/02\/Llunet-fishing.jpg&#8221; _builder_version=&#8221;3.0.102&#8243;]<\/p>\n<p>&nbsp;<\/p>\n<p>[\/et_pb_image][\/et_pb_column][\/et_pb_row][\/et_pb_section][et_pb_section bb_built=&#8221;1&#8243; _builder_version=&#8221;3.0.102&#8243; top_divider_style=&#8221;curve2&#8243; top_divider_color=&#8221;#52a500&#8243; bottom_divider_style=&#8221;ramp2&#8243; bottom_divider_color=&#8221;#52a500&#8243; bottom_divider_flip=&#8221;horizontal&#8221; prev_background_color=&#8221;#000000&#8243; next_background_color=&#8221;#000000&#8243;][et_pb_row make_fullwidth=&#8221;on&#8221; custom_margin=&#8221;50px|||&#8221; _builder_version=&#8221;3.0.102&#8243;][et_pb_column type=&#8221;4_4&#8243;][et_pb_text _builder_version=&#8221;3.0.102&#8243; header_text_color=&#8221;#ae8943&#8243;]<\/p>\n<div id=\"indexseo_1\">\n<h1 style=\"text-align: center;\">Apoyando el bienestar de los nativos cerca del r\u00edo Tahuayo<\/h1>\n<\/div>\n<p>[\/et_pb_text][\/et_pb_column][\/et_pb_row][et_pb_row make_fullwidth=&#8221;on&#8221; custom_margin=&#8221;-70px|||&#8221; _builder_version=&#8221;3.0.102&#8243;][et_pb_column type=&#8221;1_3&#8243;][et_pb_image src=&#8221;http:\/\/peruangels.wpengine.com\/wp-content\/uploads\/2018\/02\/students-with-boat.jpg&#8221; _builder_version=&#8221;3.0.95&#8243; box_shadow_style=&#8221;preset1&#8243; box_shadow_color=&#8221;rgba(130,82,1,0.43)&#8221;]<\/p>\n<p>&nbsp;<\/p>\n<p>[\/et_pb_image][\/et_pb_column][et_pb_column type=&#8221;1_3&#8243;][et_pb_image src=&#8221;http:\/\/peruangels.wpengine.com\/wp-content\/uploads\/2018\/02\/two-boys.jpg&#8221; _builder_version=&#8221;3.0.95&#8243; box_shadow_style=&#8221;preset1&#8243; box_shadow_color=&#8221;rgba(130,82,1,0.43)&#8221;]<\/p>\n<p>&nbsp;<\/p>\n<p>[\/et_pb_image][\/et_pb_column][et_pb_column type=&#8221;1_3&#8243;][et_pb_image src=&#8221;http:\/\/peruangels.wpengine.com\/wp-content\/uploads\/2018\/02\/women-cooking.jpg&#8221; _builder_version=&#8221;3.0.95&#8243; box_shadow_style=&#8221;preset1&#8243; box_shadow_color=&#8221;rgba(130,82,1,0.43)&#8221;]<\/p>\n<p>&nbsp;<\/p>\n<p>[\/et_pb_image][\/et_pb_column][\/et_pb_row][et_pb_row _builder_version=&#8221;3.0.102&#8243;][et_pb_column type=&#8221;4_4&#8243;][et_pb_text _builder_version=&#8221;3.0.102&#8243;]<\/p>\n<h3 style=\"text-align: center;\">Las comunidades perif\u00e9ricas de la jungla, como las del r\u00edo Tahuayo, est\u00e1n a\u00fan m\u00e1s alejadas de los beneficios de la civilizaci\u00f3n, como la atenci\u00f3n m\u00e9dica, la educaci\u00f3n y las oportunidades econ\u00f3micas. La mayor\u00eda de la gente en estas comunidades vive un estilo de vida de subsistencia pobre. La ayuda sostenible y los programas proporcionados por la fundaci\u00f3n AoA se pueden categorizar en tres esferas principales que representan las necesidades b\u00e1sicas de los pueblos ind\u00edgenas: atenci\u00f3n m\u00e9dica y de salud, asistencia educativa y programas econ\u00f3micos.<\/h3>\n<p>[\/et_pb_text][\/et_pb_column][\/et_pb_row][\/et_pb_section][et_pb_section bb_built=&#8221;1&#8243; _builder_version=&#8221;3.0.102&#8243; top_divider_style=&#8221;curve2&#8243; top_divider_color=&#8221;#52a500&#8243; top_divider_flip=&#8221;horizontal&#8221; prev_background_color=&#8221;#000000&#8243; next_background_color=&#8221;#000000&#8243;][et_pb_row make_fullwidth=&#8221;on&#8221; custom_margin=&#8221;50px|||&#8221; _builder_version=&#8221;3.0.102&#8243;][et_pb_column type=&#8221;4_4&#8243;][et_pb_text _builder_version=&#8221;3.0.102&#8243; header_text_color=&#8221;#ae8943&#8243;]<\/p>\n<div id=\"indexseo_1\">\n<h1 style=\"text-align: center;\">100% de las Donaciones Apoyan el Bienestar de los M\u00e1s Necesitados<\/h1>\n<\/div>\n<p>[\/et_pb_text][\/et_pb_column][\/et_pb_row][et_pb_row make_fullwidth=&#8221;on&#8221; custom_margin=&#8221;50px|||&#8221; _builder_version=&#8221;3.0.102&#8243;][et_pb_column type=&#8221;1_3&#8243;][et_pb_image src=&#8221;http:\/\/peruangels.wpengine.com\/wp-content\/uploads\/2018\/02\/esperanza-clinic-microscope.jpg&#8221; _builder_version=&#8221;3.0.95&#8243; box_shadow_style=&#8221;preset1&#8243; box_shadow_color=&#8221;rgba(130,82,1,0.43)&#8221;]<\/p>\n<p>&nbsp;<\/p>\n<p>[\/et_pb_image][\/et_pb_column][et_pb_column type=&#8221;1_3&#8243;][et_pb_image src=&#8221;http:\/\/peruangels.wpengine.com\/wp-content\/uploads\/2018\/02\/dolly-giving-school-supplies.jpg&#8221; _builder_version=&#8221;3.0.95&#8243; box_shadow_style=&#8221;preset1&#8243; box_shadow_color=&#8221;rgba(130,82,1,0.43)&#8221;]<\/p>\n<p>&nbsp;<\/p>\n<p>[\/et_pb_image][\/et_pb_column][et_pb_column type=&#8221;1_3&#8243;][et_pb_image src=&#8221;http:\/\/peruangels.wpengine.com\/wp-content\/uploads\/2018\/02\/dolly-and-Amando-delivering-food.jpg&#8221; _builder_version=&#8221;3.0.95&#8243; box_shadow_style=&#8221;preset1&#8243; box_shadow_color=&#8221;rgba(130,82,1,0.43)&#8221;]<\/p>\n<p>&nbsp;<\/p>\n<p>[\/et_pb_image][\/et_pb_column][\/et_pb_row][et_pb_row _builder_version=&#8221;3.0.47&#8243; background_size=&#8221;initial&#8221; background_position=&#8221;top_left&#8221; background_repeat=&#8221;repeat&#8221;][et_pb_column type=&#8221;4_4&#8243;][et_pb_text _builder_version=&#8221;3.0.102&#8243;]<\/p>\n<h3 style=\"text-align: center;\">Los programas viables de Los \u00c1ngeles de la Amazon\u00eda se realizan con el apoyo financiero de Amazonia Expeditions. La compa\u00f1\u00eda financia todos los aspectos de la infraestructura, los gastos generales y la administraci\u00f3n de AoA, tanto en las oficinas de los EE. UU. Como en las Peruanas. Con esta asistencia, el 100% de todas las donaciones hechas a AoA van directamente a financiar programas que abordan las necesidades de los pueblos ind\u00edgenas. Estos programas incluyen atenci\u00f3n m\u00e9dica y de salud, asistencia educativa y programas econ\u00f3micos y ambientales.<\/h3>\n<p>[\/et_pb_text][\/et_pb_column][\/et_pb_row][et_pb_row _builder_version=&#8221;3.0.47&#8243; background_size=&#8221;initial&#8221; background_position=&#8221;top_left&#8221; background_repeat=&#8221;repeat&#8221;][et_pb_column type=&#8221;4_4&#8243;][et_pb_text _builder_version=&#8221;3.0.102&#8243; header_font=&#8221;|700|||||||&#8221; header_text_color=&#8221;#ae8943&#8243;]<\/p>\n<h1>Fundadora de \u00c1ngeles de la Amazonas<\/h1>\n<p>[\/et_pb_text][et_pb_team_member name=&#8221;Dolly Arevalo Beaver&#8221; position=&#8221;Directora Ejecutiva&#8221; image_url=&#8221;http:\/\/peruangels.wpengine.com\/wp-content\/uploads\/2018\/02\/dolly-high-five.jpg&#8221; _builder_version=&#8221;3.0.102&#8243; header_font=&#8221;|600|||||||&#8221; body_font=&#8221;|600|||||||&#8221;]<\/p>\n<h4>La directora ejecutiva Dolly Arevalo Beaver fund\u00f3 la fundaci\u00f3n \u00c1ngeles del Amazonas en 2007. Dolly naci\u00f3 en la Amazon\u00eda peruana en 1971 en circunstancias muy modestas. Despu\u00e9s de obtener su t\u00edtulo en Administraci\u00f3n de Empresas y Turismo en la Academia Dwight David Eisenhower de Iquitos, trabaj\u00f3 durante varios a\u00f1os y luego en 1994 se cas\u00f3 con el bi\u00f3logo tropical Dr. Paul Beaver, quien fund\u00f3 una empresa de ecoturismo en Iquitos, Amazonia Expeditions, en 1981. es una de las compa\u00f1\u00edas de turismo m\u00e1s respetadas de Per\u00fa.<\/h4>\n<p>[\/et_pb_team_member][\/et_pb_column][\/et_pb_row][\/et_pb_section][et_pb_section bb_built=&#8221;1&#8243; fullwidth=&#8221;on&#8221; _builder_version=&#8221;3.0.102&#8243; background_image=&#8221;http:\/\/peruangels.wpengine.com\/wp-content\/uploads\/2018\/02\/boat.jpg&#8221; prev_background_color=&#8221;#000000&#8243;][et_pb_fullwidth_header admin_label=&#8221;Donate Today &#8221; title=&#8221;Usted puede marcar la diferencia en la vida de los dem\u00e1s&#8221; subhead=&#8221;El objetivo de \u00c1ngeles del Amazonas es promover la cultura, el bienestar y la educaci\u00f3n de las comunidades cerca del r\u00edo Tahuayo. Su apoyo en la vida de los necesitados es apreciado. \u00a1Cont\u00e1ctanos para ver c\u00f3mo puedes ayudarnos en nuestra misi\u00f3n de hoy!&#8221; background_layout=&#8221;dark&#8221; text_orientation=&#8221;center&#8221; header_fullscreen=&#8221;on&#8221; button_one_text=&#8221;Donar Hoy&#8221; button_one_url=&#8221;\/es\/donar\/&#8221; background_overlay_color=&#8221;rgba(0,0,0,0.61)&#8221; logo_image_url=&#8221;http:\/\/peruangels.wpengine.com\/wp-content\/uploads\/2018\/02\/AngelsoftheAmazon-Logo-Test.png&#8221; _builder_version=&#8221;3.0.102&#8243; title_font=&#8221;|700|||||||&#8221; subhead_font=&#8221;|700|||||||&#8221;]<\/p>\n<p>&nbsp;<\/p>\n<p>[\/et_pb_fullwidth_header][\/et_pb_section]<\/p>\n","protected":false},"excerpt":{"rendered":"<p>&nbsp; Fundada en 2007 como una organizaci\u00f3n sin fines de lucro, la misi\u00f3n de la fundaci\u00f3n Angeles del Amazonas (AoA) es proporcionar ayuda a los 8,000 ind\u00edgenas que viven en las 12 comunidades en el area del r\u00edo Tahuayo. El r\u00edo Tahuayo es un modesto afluente del alto r\u00edo Amazonas, a unas 100 millas al [&hellip;]<\/p>\n","protected":false},"author":2,"featured_media":0,"parent":0,"menu_order":2,"comment_status":"closed","ping_status":"closed","template":"","meta":{"_et_pb_use_builder":"on","_et_pb_old_content":"","_et_gb_content_width":"","_monsterinsights_skip_tracking":false,"_monsterinsights_sitenote_active":false,"_monsterinsights_sitenote_note":"","_monsterinsights_sitenote_category":0,"footnotes":""},"dipi_cpt_category":[],"class_list":["post-573","page","type-page","status-publish","hentry"],"_links":{"self":[{"href":"https:\/\/angelsoftheamazon.org\/es\/wp-json\/wp\/v2\/pages\/573","targetHints":{"allow":["GET"]}}],"collection":[{"href":"https:\/\/angelsoftheamazon.org\/es\/wp-json\/wp\/v2\/pages"}],"about":[{"href":"https:\/\/angelsoftheamazon.org\/es\/wp-json\/wp\/v2\/types\/page"}],"author":[{"embeddable":true,"href":"https:\/\/angelsoftheamazon.org\/es\/wp-json\/wp\/v2\/users\/2"}],"replies":[{"embeddable":true,"href":"https:\/\/angelsoftheamazon.org\/es\/wp-json\/wp\/v2\/comments?post=573"}],"version-history":[{"count":0,"href":"https:\/\/angelsoftheamazon.org\/es\/wp-json\/wp\/v2\/pages\/573\/revisions"}],"wp:attachment":[{"href":"https:\/\/angelsoftheamazon.org\/es\/wp-json\/wp\/v2\/media?parent=573"}],"wp:term":[{"taxonomy":"dipi_cpt_category","embeddable":true,"href":"https:\/\/angelsoftheamazon.org\/es\/wp-json\/wp\/v2\/dipi_cpt_category?post=573"}],"curies":[{"name":"wp","href":"https:\/\/api.w.org\/{rel}","templated":true}]}}