{"id":585,"date":"2018-02-25T05:43:35","date_gmt":"2018-02-25T05:43:35","guid":{"rendered":"https:\/\/angelsoftheamazon.org\/noticias\/"},"modified":"2018-02-25T05:43:39","modified_gmt":"2018-02-25T05:43:39","slug":"noticias","status":"publish","type":"page","link":"https:\/\/angelsoftheamazon.org\/es\/noticias\/","title":{"rendered":"Noticias"},"content":{"rendered":"<p>[et_pb_section bb_built=&#8221;1&#8243; admin_label=&#8221;Hero Section&#8221; _builder_version=&#8221;3.0.102&#8243; use_background_color_gradient=&#8221;on&#8221; background_color_gradient_start=&#8221;rgba(244,240,233,0.9)&#8221; background_color_gradient_end=&#8221;rgba(244,240,233,0)&#8221; background_color_gradient_direction=&#8221;90deg&#8221; background_color_gradient_start_position=&#8221;30%&#8221; background_color_gradient_overlays_image=&#8221;on&#8221; background_image=&#8221;http:\/\/peruangels.wpengine.com\/wp-content\/uploads\/2018\/02\/natives_childrenSmiling-3.jpg&#8221; custom_margin=&#8221;|||&#8221; custom_padding=&#8221;119px|0px|119px|0px&#8221; next_background_color=&#8221;#000000&#8243;][et_pb_row admin_label=&#8221;Hero Area&#8221; custom_padding=&#8221;27px|0px|0px|0px&#8221; custom_padding_last_edited=&#8221;off|desktop&#8221; _builder_version=&#8221;3.0.102&#8243;][et_pb_column type=&#8221;4_4&#8243;][et_pb_text admin_label=&#8221;Hero Title&#8221; _builder_version=&#8221;3.0.102&#8243; text_font=&#8221;Playfair Display||||||||&#8221; text_font_size_last_edited=&#8221;off|desktop&#8221; header_font=&#8221;Alice||||||||&#8221; header_font_size=&#8221;80px&#8221; header_font_size_phone=&#8221;60px&#8221; header_font_size_last_edited=&#8221;on|phone&#8221; header_letter_spacing=&#8221;-3px&#8221; header_line_height=&#8221;1.1em&#8221; custom_margin=&#8221;||0px|&#8221; custom_padding=&#8221;|||&#8221; animation_style=&#8221;slide&#8221; animation_direction=&#8221;left&#8221; animation_intensity_slide=&#8221;5%&#8221; animation_starting_opacity=&#8221;100%&#8221; background_layout=&#8221;light&#8221;]<\/p>\n<h1>Bolet\u00edn \u00c1ngeles de Las Amazonas<\/h1>\n<p>[\/et_pb_text][et_pb_text _builder_version=&#8221;3.0.102&#8243; text_font_size=&#8221;18px&#8221; text_line_height=&#8221;1.8em&#8221; max_width=&#8221;500px&#8221; custom_margin=&#8221;|||&#8221; custom_padding=&#8221;||10px|&#8221; animation_style=&#8221;slide&#8221; animation_direction=&#8221;left&#8221; animation_intensity_slide=&#8221;5%&#8221; animation_starting_opacity=&#8221;100%&#8221; background_layout=&#8221;light&#8221;]<\/p>\n<p>Vea nuestros boletines de noticias archivados para mantenerse al d\u00eda con nuestras actividades de caridad con\u00a0\u00c1ngeles de Las Amazonas<\/p>\n<p>[\/et_pb_text][\/et_pb_column][\/et_pb_row][\/et_pb_section][et_pb_section bb_built=&#8221;1&#8243; admin_label=&#8221;Blog Section&#8221; _builder_version=&#8221;3.0.92&#8243; custom_padding=&#8221;110px||110px|&#8221; prev_background_color=&#8221;#000000&#8243; next_background_color=&#8221;#e7efef&#8221;][et_pb_row _builder_version=&#8221;3.0.92&#8243;][et_pb_column type=&#8221;4_4&#8243;][et_pb_blog fullwidth=&#8221;off&#8221; include_categories=&#8221;9&#8243; masonry_tile_background_color=&#8221;#f7f7f7&#8243; _builder_version=&#8221;3.0.102&#8243; header_font=&#8221;|700|||||||&#8221; body_font_size=&#8221;16px&#8221; body_line_height=&#8221;1.8em&#8221; meta_text_color=&#8221;rgba(0,0,0,0.23)&#8221; border_width_all=&#8221;0px&#8221; show_content=&#8221;off&#8221; show_thumbnail=&#8221;on&#8221; show_more=&#8221;off&#8221; show_author=&#8221;off&#8221; show_date=&#8221;on&#8221; show_categories=&#8221;on&#8221; show_comments=&#8221;off&#8221; show_pagination=&#8221;off&#8221; use_overlay=&#8221;off&#8221; background_layout=&#8221;light&#8221; pagination_font_size_tablet=&#8221;51&#8243; pagination_line_height_tablet=&#8221;2&#8243; posts_number=&#8221;6&#8243; \/][\/et_pb_column][\/et_pb_row][\/et_pb_section][et_pb_section bb_built=&#8221;1&#8243; admin_label=&#8221;Email Subscribe Section&#8221; background_color=&#8221;#e7efef&#8221; _builder_version=&#8221;3.0.102&#8243; use_background_color_gradient=&#8221;on&#8221; background_color_gradient_start=&#8221;#d5dee8&#8243; background_color_gradient_end=&#8221;rgba(213,222,232,0)&#8221; background_color_gradient_direction=&#8221;90deg&#8221; background_color_gradient_start_position=&#8221;30%&#8221; background_color_gradient_overlays_image=&#8221;on&#8221; background_image=&#8221;http:\/\/peruangels.wpengine.com\/wp-content\/uploads\/2018\/02\/boat.jpg&#8221; custom_padding=&#8221;7%|0px|7%|0px&#8221; prev_background_color=&#8221;#ffffff&#8221;][et_pb_row admin_label=&#8221;HRow&#8221; custom_width_px=&#8221;1440px&#8221; _builder_version=&#8221;3.0.92&#8243;][et_pb_column type=&#8221;1_2&#8243;][et_pb_signup mailchimp_list=&#8221;MailChimp|03dac884f0&#8243; name_field=&#8221;on&#8221; title=&#8221;Recibe Nuestro Bolet\u00edn&#8221; background_color=&#8221;rgba(247,247,247,0.36)&#8221; background_layout=&#8221;light&#8221; _builder_version=&#8221;3.0.92&#8243; header_font=&#8221;Alice||||||||&#8221; header_font_size=&#8221;48px&#8221; custom_padding=&#8221;40px|40px|40px|40px&#8221; custom_button=&#8221;on&#8221; button_text_size=&#8221;14px&#8221; button_text_color=&#8221;#2a2a2a&#8221; button_bg_color=&#8221;#e0c588&#8243; button_border_width=&#8221;12px&#8221; button_border_color=&#8221;#e0c588&#8243; button_border_radius=&#8221;100px&#8221; button_letter_spacing=&#8221;2px&#8221; button_font=&#8221;|700||on|||||&#8221; button_use_icon=&#8221;off&#8221; button_letter_spacing_hover=&#8221;2px&#8221; use_focus_border_color=&#8221;off&#8221; \/][\/et_pb_column][et_pb_column type=&#8221;1_2&#8243;][\/et_pb_column][\/et_pb_row][\/et_pb_section]<\/p>\n","protected":false},"excerpt":{"rendered":"<p>Bolet\u00edn \u00c1ngeles de Las Amazonas Vea nuestros boletines de noticias archivados para mantenerse al d\u00eda con nuestras actividades de caridad con\u00a0\u00c1ngeles de Las Amazonas<\/p>\n","protected":false},"author":2,"featured_media":0,"parent":0,"menu_order":0,"comment_status":"closed","ping_status":"closed","template":"","meta":{"_et_pb_use_builder":"on","_et_pb_old_content":"","_et_gb_content_width":"","_monsterinsights_skip_tracking":false,"_monsterinsights_sitenote_active":false,"_monsterinsights_sitenote_note":"","_monsterinsights_sitenote_category":0,"footnotes":""},"dipi_cpt_category":[],"class_list":["post-585","page","type-page","status-publish","hentry"],"_links":{"self":[{"href":"https:\/\/angelsoftheamazon.org\/es\/wp-json\/wp\/v2\/pages\/585","targetHints":{"allow":["GET"]}}],"collection":[{"href":"https:\/\/angelsoftheamazon.org\/es\/wp-json\/wp\/v2\/pages"}],"about":[{"href":"https:\/\/angelsoftheamazon.org\/es\/wp-json\/wp\/v2\/types\/page"}],"author":[{"embeddable":true,"href":"https:\/\/angelsoftheamazon.org\/es\/wp-json\/wp\/v2\/users\/2"}],"replies":[{"embeddable":true,"href":"https:\/\/angelsoftheamazon.org\/es\/wp-json\/wp\/v2\/comments?post=585"}],"version-history":[{"count":0,"href":"https:\/\/angelsoftheamazon.org\/es\/wp-json\/wp\/v2\/pages\/585\/revisions"}],"wp:attachment":[{"href":"https:\/\/angelsoftheamazon.org\/es\/wp-json\/wp\/v2\/media?parent=585"}],"wp:term":[{"taxonomy":"dipi_cpt_category","embeddable":true,"href":"https:\/\/angelsoftheamazon.org\/es\/wp-json\/wp\/v2\/dipi_cpt_category?post=585"}],"curies":[{"name":"wp","href":"https:\/\/api.w.org\/{rel}","templated":true}]}}