{"id":588,"date":"2018-02-25T06:08:23","date_gmt":"2018-02-25T06:08:23","guid":{"rendered":"https:\/\/angelsoftheamazon.org\/economia\/"},"modified":"2018-03-14T22:22:46","modified_gmt":"2018-03-14T22:22:46","slug":"economia","status":"publish","type":"page","link":"https:\/\/angelsoftheamazon.org\/es\/economia\/","title":{"rendered":"Econ\u00f3mica"},"content":{"rendered":"<p>[et_pb_section fb_built=&#8221;1&#8243; fullwidth=&#8221;on&#8221; _builder_version=&#8221;3.0.95&#8243; box_shadow_style=&#8221;preset1&#8243; box_shadow_color=&#8221;rgba(130,82,1,0.43)&#8221;][et_pb_fullwidth_header title=&#8221;Econ\u00f3mica&#8221; background_layout=&#8221;dark&#8221; text_orientation=&#8221;center&#8221; background_overlay_color=&#8221;rgba(22,0,0,0.47)&#8221; _builder_version=&#8221;3.0.102&#8243; title_font=&#8221;|700||on|||||&#8221; title_font_size=&#8221;50px&#8221; title_letter_spacing=&#8221;5px&#8221; background_image=&#8221;http:\/\/peruangels.wpengine.com\/wp-content\/uploads\/2018\/02\/14566471_2280848368721388_2086655784123957932_o.jpg&#8221; text_shadow_style=&#8221;preset3&#8243; text_shadow_color=&#8221;rgba(214,157,0,0.86)&#8221;][\/et_pb_fullwidth_header][\/et_pb_section][et_pb_section fb_built=&#8221;1&#8243; inner_shadow=&#8221;on&#8221; disabled_on=&#8221;on|on|&#8221; _builder_version=&#8221;3.0.102&#8243; bottom_divider_style=&#8221;ramp2&#8243; bottom_divider_color=&#8221;#52a500&#8243; bottom_divider_height=&#8221;139px&#8221;][et_pb_row make_fullwidth=&#8221;on&#8221; custom_margin=&#8221;-180px||-100px|&#8221; _builder_version=&#8221;3.0.102&#8243;][et_pb_column type=&#8221;4_4&#8243; _builder_version=&#8221;3.0.47&#8243; parallax=&#8221;off&#8221; parallax_method=&#8221;on&#8221;][et_pb_slider show_arrows=&#8221;off&#8221; show_pagination=&#8221;off&#8221; _builder_version=&#8221;3.0.102&#8243; header_font=&#8221;|600|||||||&#8221; header_text_align=&#8221;center&#8221; header_font_size=&#8221;41&#8243; header_text_color=&#8221;#ae8943&#8243; body_font=&#8221;|600|||||||&#8221; body_text_align=&#8221;center&#8221; body_text_color=&#8221;#161616&#8243;][et_pb_slide heading=&#8221;Empoderamiento de las Mujeres, Sostenibilidad Financiera.&#8221; image=&#8221;http:\/\/peruangels.wpengine.com\/wp-content\/uploads\/2018\/02\/Workshop-artesanasc3.jpg&#8221; use_bg_overlay=&#8221;off&#8221; use_text_overlay=&#8221;off&#8221; background_layout=&#8221;light&#8221; _builder_version=&#8221;3.0.102&#8243; header_font=&#8221;||||||||&#8221; body_font=&#8221;||||||||&#8221; custom_button=&#8221;off&#8221; button_on_hover=&#8221;on&#8221;]<\/p>\n<h3 style=\"text-align: center;\"><span style=\"font-weight: 400;\">Angeles de las amazonas ha venido proporcionando a las comunidades locales del r\u00edo Tahuayo varias iniciativas econ\u00f3micas sostenibles, como la Asociaci\u00f3n de Artesanos &#8220;Manos Amazonicas&#8221;. Organizada por Dolly Beaver, esta asociaci\u00f3n apoya a las mujeres de las comunidades en la creaci\u00f3n canastas artesanales y al mismo tiempo utiliza recursos renovables como las fibras de palma en sus trabajos. Ya que estas canastas son tejidas por mujeres de las comunidades, su empoderamiento econ\u00f3mico las ayuda a encontrar una voz en sus comunidades.<\/span><\/h3>\n<p>[\/et_pb_slide][\/et_pb_slider][\/et_pb_column][\/et_pb_row][\/et_pb_section][et_pb_section fb_built=&#8221;1&#8243; disabled_on=&#8221;||on&#8221; _builder_version=&#8221;3.0.102&#8243; bottom_divider_style=&#8221;ramp2&#8243; bottom_divider_color=&#8221;#52a500&#8243;][et_pb_row _builder_version=&#8221;3.0.47&#8243; background_size=&#8221;initial&#8221; background_position=&#8221;top_left&#8221; background_repeat=&#8221;repeat&#8221;][et_pb_column type=&#8221;4_4&#8243; _builder_version=&#8221;3.0.47&#8243; parallax=&#8221;off&#8221; parallax_method=&#8221;on&#8221;][et_pb_text _builder_version=&#8221;3.0.102&#8243;]<\/p>\n<h2 class=\"et_pb_slide_title\">Empoderamiento de las Mujeres, Sostenibilidad Financiera.<\/h2>\n<h4>\u00c1ngeles de Las Amazonas ha proporcionado a las comunidades locales del r\u00edo Tahuayo varias iniciativas econ\u00f3micas sostenibles, como la COOPERATIVA DE ARTESANOS &#8220;EL HUACAMAYO&#8221;. Organizada por Dolly Beaver, esta cooperativa apoya a las mujeres locales de las aldeas en la creaci\u00f3n de artesan\u00edas tradicionales y al mismo tiempo utiliza recursos renovables como las fibras de palma en su trabajo. Dado que las canastas son tejidas por las mujeres locales, su empoderamiento econ\u00f3mico las ha ayudado a encontrar una voz en sus comunidades, elevando as\u00ed su autoestima en sus communidades y hogares.<\/h4>\n<p>[\/et_pb_text][et_pb_image src=&#8221;http:\/\/peruangels.wpengine.com\/wp-content\/uploads\/2018\/02\/Workshop-artesanasc3.jpg&#8221; _builder_version=&#8221;3.0.102&#8243;][\/et_pb_image][\/et_pb_column][\/et_pb_row][\/et_pb_section][et_pb_section fb_built=&#8221;1&#8243; _builder_version=&#8221;3.0.102&#8243; top_divider_style=&#8221;curve2&#8243; top_divider_color=&#8221;#52a500&#8243; bottom_divider_style=&#8221;ramp2&#8243; bottom_divider_color=&#8221;#52a500&#8243; bottom_divider_flip=&#8221;horizontal&#8221;][et_pb_row make_fullwidth=&#8221;on&#8221; custom_margin=&#8221;50px|||&#8221; _builder_version=&#8221;3.0.102&#8243;][et_pb_column type=&#8221;4_4&#8243; _builder_version=&#8221;3.0.47&#8243; parallax=&#8221;off&#8221; parallax_method=&#8221;on&#8221;][et_pb_text _builder_version=&#8221;3.0.102&#8243; header_text_color=&#8221;#ae8943&#8243;]<\/p>\n<div id=\"indexseo_1\">\n<h1 style=\"text-align: center;\">Manteniendo Vivas las Tradiciones Art\u00edsticas y Creando un Mercado Viable<\/h1>\n<\/div>\n<p>[\/et_pb_text][\/et_pb_column][\/et_pb_row][et_pb_row make_fullwidth=&#8221;on&#8221; custom_margin=&#8221;-70px|||&#8221; _builder_version=&#8221;3.0.102&#8243;][et_pb_column type=&#8221;1_2&#8243; _builder_version=&#8221;3.0.47&#8243; parallax=&#8221;off&#8221; parallax_method=&#8221;on&#8221;][et_pb_image src=&#8221;http:\/\/peruangels.wpengine.com\/wp-content\/uploads\/2018\/02\/Workshop-artesanasc.jpg&#8221; _builder_version=&#8221;3.0.102&#8243; box_shadow_style=&#8221;preset1&#8243; box_shadow_color=&#8221;rgba(130,82,1,0.43)&#8221;]&nbsp;<br \/>\n[\/et_pb_image][\/et_pb_column][et_pb_column type=&#8221;1_2&#8243; _builder_version=&#8221;3.0.47&#8243; parallax=&#8221;off&#8221; parallax_method=&#8221;on&#8221;][et_pb_image src=&#8221;http:\/\/peruangels.wpengine.com\/wp-content\/uploads\/2018\/02\/Workshop-artesanasc2.jpg&#8221; _builder_version=&#8221;3.0.102&#8243; box_shadow_style=&#8221;preset1&#8243; box_shadow_color=&#8221;rgba(130,82,1,0.43)&#8221;]&nbsp;<br \/>\n[\/et_pb_image][\/et_pb_column][\/et_pb_row][et_pb_row _builder_version=&#8221;3.0.102&#8243;][et_pb_column type=&#8221;4_4&#8243; _builder_version=&#8221;3.0.47&#8243; parallax=&#8221;off&#8221; parallax_method=&#8221;on&#8221;][et_pb_text _builder_version=&#8221;3.0.102&#8243;]<\/p>\n<h3 style=\"text-align: center;\">Mientras mantienen sus tradiciones art\u00edsticas con la producci\u00f3n de estas canastas, las mujeres artesanas pueden generar una econom\u00eda sostenible muy necesaria para sus pueblos. Con la ayuda del turismo proporcionado por Amazonia Expeditions, la cooperativa de mujeres ahora tiene un mercado viable en sus communidades locales.<\/h3>\n<p>[\/et_pb_text][\/et_pb_column][\/et_pb_row][\/et_pb_section][et_pb_section fb_built=&#8221;1&#8243; _builder_version=&#8221;3.0.102&#8243; top_divider_style=&#8221;curve2&#8243; top_divider_color=&#8221;#52a500&#8243; top_divider_flip=&#8221;horizontal&#8221;][et_pb_row make_fullwidth=&#8221;on&#8221; custom_margin=&#8221;50px|||&#8221; _builder_version=&#8221;3.0.102&#8243;][et_pb_column type=&#8221;4_4&#8243; _builder_version=&#8221;3.0.47&#8243; parallax=&#8221;off&#8221; parallax_method=&#8221;on&#8221;][et_pb_text _builder_version=&#8221;3.0.102&#8243; header_text_color=&#8221;#ae8943&#8243;]<\/p>\n<div id=\"indexseo_1\">\n<h1 style=\"text-align: center;\">Proporcionar Capacitaci\u00f3n Para Promover la Conservaci\u00f3n<\/h1>\n<\/div>\n<p>[\/et_pb_text][\/et_pb_column][\/et_pb_row][et_pb_row make_fullwidth=&#8221;on&#8221; custom_margin=&#8221;50px|||&#8221; _builder_version=&#8221;3.0.102&#8243;][et_pb_column type=&#8221;1_2&#8243; _builder_version=&#8221;3.0.47&#8243; parallax=&#8221;off&#8221; parallax_method=&#8221;on&#8221;][et_pb_image src=&#8221;http:\/\/peruangels.wpengine.com\/wp-content\/uploads\/2018\/02\/boat.jpg&#8221; _builder_version=&#8221;3.0.102&#8243; box_shadow_style=&#8221;preset1&#8243; box_shadow_color=&#8221;rgba(130,82,1,0.43)&#8221;]&nbsp;<br \/>\n[\/et_pb_image][\/et_pb_column][et_pb_column type=&#8221;1_2&#8243; _builder_version=&#8221;3.0.47&#8243; parallax=&#8221;off&#8221; parallax_method=&#8221;on&#8221;][et_pb_image src=&#8221;http:\/\/peruangels.wpengine.com\/wp-content\/uploads\/2018\/02\/esperanza-clinic-microscope.jpg&#8221; _builder_version=&#8221;3.0.102&#8243; box_shadow_style=&#8221;preset1&#8243; box_shadow_color=&#8221;rgba(130,82,1,0.43)&#8221;]&nbsp;<br \/>\n[\/et_pb_image][\/et_pb_column][\/et_pb_row][et_pb_row _builder_version=&#8221;3.0.47&#8243; background_size=&#8221;initial&#8221; background_position=&#8221;top_left&#8221; background_repeat=&#8221;repeat&#8221;][et_pb_column type=&#8221;4_4&#8243; _builder_version=&#8221;3.0.47&#8243; parallax=&#8221;off&#8221; parallax_method=&#8221;on&#8221;][et_pb_text _builder_version=&#8221;3.0.102&#8243;]<\/p>\n<h3 style=\"text-align: center;\">Otra importante iniciativa econ\u00f3mica de AoA es capacitar y contratar a pobladores locales para actuar como asistentes de conservaci\u00f3n en el \u00c1rea de Conservaci\u00f3n Regional Comunal de Tamshiyacu-Tahuayo, la regi\u00f3n m\u00e1s megadiversa de toda la Amazon\u00eda. Los nativos son pagados por las contribuciones de Amazonia Expeditions para mantener la red de senderos y proporcionar un censo continuo de las poblaciones de vida silvestre.<\/h3>\n<p>[\/et_pb_text][\/et_pb_column][\/et_pb_row][\/et_pb_section][et_pb_section fb_built=&#8221;1&#8243; fullwidth=&#8221;on&#8221; _builder_version=&#8221;3.0.102&#8243; background_image=&#8221;http:\/\/peruangels.wpengine.com\/wp-content\/uploads\/2018\/02\/boat.jpg&#8221;][et_pb_fullwidth_header title=&#8221;Usted Puede Hacer la Diferencia en la Vida de los Mas Necesitados&#8221; subhead=&#8221;El objetivo de \u00c1ngeles de las Amazonas es promover la cultura, el bienestar y la educaci\u00f3n de las comunidades en el area del r\u00edo Tahuayo. Su apoyo en la vida de los necesitados es apreciado. \u00a1Cont\u00e1ctanos para ver c\u00f3mo puedes ayudarnos en nuestra misi\u00f3n, hoy!&#8221; background_layout=&#8221;dark&#8221; text_orientation=&#8221;center&#8221; header_fullscreen=&#8221;on&#8221; button_one_text=&#8221;Donar Hoy&#8221; button_one_url=&#8221;\/es\/donar\/&#8221; background_overlay_color=&#8221;rgba(0,0,0,0.61)&#8221; logo_image_url=&#8221;http:\/\/peruangels.wpengine.com\/wp-content\/uploads\/2018\/02\/AngelsoftheAmazon-Logo-Test.png&#8221; admin_label=&#8221;Donate Today &#8221; _builder_version=&#8221;3.0.102&#8243; title_font=&#8221;|700|||||||&#8221; subhead_font=&#8221;|700|||||||&#8221;][\/et_pb_fullwidth_header][\/et_pb_section]<\/p>\n","protected":false},"excerpt":{"rendered":"<p>Angeles de las amazonas ha venido proporcionando a las comunidades locales del r\u00edo Tahuayo varias iniciativas econ\u00f3micas sostenibles, como la Asociaci\u00f3n de Artesanos &#8220;Manos Amazonicas&#8221;. Organizada por Dolly Beaver, esta asociaci\u00f3n apoya a las mujeres de las comunidades en la creaci\u00f3n canastas artesanales y al mismo tiempo utiliza recursos renovables como las fibras de palma [&hellip;]<\/p>\n","protected":false},"author":2,"featured_media":0,"parent":0,"menu_order":5,"comment_status":"closed","ping_status":"closed","template":"","meta":{"_et_pb_use_builder":"on","_et_pb_old_content":"","_et_gb_content_width":"","_monsterinsights_skip_tracking":false,"_monsterinsights_sitenote_active":false,"_monsterinsights_sitenote_note":"","_monsterinsights_sitenote_category":0,"footnotes":""},"dipi_cpt_category":[],"class_list":["post-588","page","type-page","status-publish","hentry"],"_links":{"self":[{"href":"https:\/\/angelsoftheamazon.org\/es\/wp-json\/wp\/v2\/pages\/588","targetHints":{"allow":["GET"]}}],"collection":[{"href":"https:\/\/angelsoftheamazon.org\/es\/wp-json\/wp\/v2\/pages"}],"about":[{"href":"https:\/\/angelsoftheamazon.org\/es\/wp-json\/wp\/v2\/types\/page"}],"author":[{"embeddable":true,"href":"https:\/\/angelsoftheamazon.org\/es\/wp-json\/wp\/v2\/users\/2"}],"replies":[{"embeddable":true,"href":"https:\/\/angelsoftheamazon.org\/es\/wp-json\/wp\/v2\/comments?post=588"}],"version-history":[{"count":0,"href":"https:\/\/angelsoftheamazon.org\/es\/wp-json\/wp\/v2\/pages\/588\/revisions"}],"wp:attachment":[{"href":"https:\/\/angelsoftheamazon.org\/es\/wp-json\/wp\/v2\/media?parent=588"}],"wp:term":[{"taxonomy":"dipi_cpt_category","embeddable":true,"href":"https:\/\/angelsoftheamazon.org\/es\/wp-json\/wp\/v2\/dipi_cpt_category?post=588"}],"curies":[{"name":"wp","href":"https:\/\/api.w.org\/{rel}","templated":true}]}}