{"id":591,"date":"2018-02-25T06:53:14","date_gmt":"2018-02-25T06:53:14","guid":{"rendered":"https:\/\/angelsoftheamazon.org\/cuidado-de-la-salud\/"},"modified":"2018-08-10T16:43:48","modified_gmt":"2018-08-10T16:43:48","slug":"cuidado-de-la-salud","status":"publish","type":"page","link":"https:\/\/angelsoftheamazon.org\/es\/cuidado-de-la-salud\/","title":{"rendered":"Salud"},"content":{"rendered":"<p>[et_pb_section fb_built=&#8221;1&#8243; fullwidth=&#8221;on&#8221; _builder_version=&#8221;3.0.95&#8243; box_shadow_style=&#8221;preset1&#8243; box_shadow_color=&#8221;rgba(130,82,1,0.43)&#8221;][et_pb_fullwidth_header title=&#8221;Salud&#8221; background_layout=&#8221;dark&#8221; text_orientation=&#8221;center&#8221; background_overlay_color=&#8221;rgba(22,0,0,0.47)&#8221; admin_label=&#8221;Health Care Header&#8221; _builder_version=&#8221;3.0.102&#8243; title_font=&#8221;|700||on|||||&#8221; title_font_size=&#8221;50px&#8221; title_letter_spacing=&#8221;5px&#8221; background_image=&#8221;http:\/\/peruangels.wpengine.com\/wp-content\/uploads\/2018\/02\/14566471_2280848368721388_2086655784123957932_o.jpg&#8221; text_shadow_style=&#8221;preset3&#8243; text_shadow_color=&#8221;rgba(214,157,0,0.86)&#8221;][\/et_pb_fullwidth_header][\/et_pb_section][et_pb_section fb_built=&#8221;1&#8243; inner_shadow=&#8221;on&#8221; _builder_version=&#8221;3.0.102&#8243; custom_margin=&#8221;120px|||&#8221; bottom_divider_style=&#8221;ramp2&#8243; bottom_divider_color=&#8221;#52a500&#8243; bottom_divider_height=&#8221;139px&#8221;][et_pb_row make_fullwidth=&#8221;on&#8221; custom_margin=&#8221;-180px||-100px|&#8221; _builder_version=&#8221;3.0.102&#8243;][et_pb_column type=&#8221;4_4&#8243; _builder_version=&#8221;3.0.47&#8243; parallax=&#8221;off&#8221; parallax_method=&#8221;on&#8221;][et_pb_slider show_arrows=&#8221;off&#8221; show_pagination=&#8221;off&#8221; admin_label=&#8221;Quality Medical &#038; Dental (Image + Button)&#8221; _builder_version=&#8221;3.0.102&#8243; header_font=&#8221;|600|||||||&#8221; header_text_align=&#8221;center&#8221; header_text_color=&#8221;#ae8943&#8243; body_font=&#8221;|600|||||||&#8221; body_text_align=&#8221;center&#8221; body_text_color=&#8221;#161616&#8243;][et_pb_slide heading=&#8221;Tratamiento M\u00e9dico Profesional y Dental &#8221; image=&#8221;http:\/\/peruangels.wpengine.com\/wp-content\/uploads\/2018\/02\/dental-work.jpg&#8221; use_bg_overlay=&#8221;off&#8221; use_text_overlay=&#8221;off&#8221; background_layout=&#8221;light&#8221; _builder_version=&#8221;3.0.102&#8243; header_font=&#8221;||||||||&#8221; body_font=&#8221;||||||||&#8221; custom_button=&#8221;off&#8221; button_on_hover=&#8221;on&#8221;]<\/p>\n<h4><span style=\"font-weight: 400;\">En 2007, Angeles de las Amazonas comenz\u00f3 una alianza con la cl\u00ednica de Esperanza Village. \u00a0Esta cl\u00ednica es la \u00fanica entidad que respalda las necesidades m\u00e9dicas de los nativos de las comunidades del r\u00edo Tahuayo. Aunque la cl\u00ednica fue construida para atender el cuidado de salud de los nativos en el \u00e1rea del r\u00edo Tahuayo, los pacientes con necesidades m\u00e9dicas a menudo viajan desde las comunidades colindantes en busca de atenci\u00f3n y tratamiento m\u00e9dico y dental que ofrece la cl\u00ednica.<\/span><\/h4>\n<p>[\/et_pb_slide][\/et_pb_slider][\/et_pb_column][\/et_pb_row][\/et_pb_section][et_pb_section fb_built=&#8221;1&#8243; _builder_version=&#8221;3.0.102&#8243; top_divider_style=&#8221;curve2&#8243; top_divider_color=&#8221;#52a500&#8243; bottom_divider_style=&#8221;ramp2&#8243; bottom_divider_color=&#8221;#52a500&#8243; bottom_divider_flip=&#8221;horizontal&#8221;][et_pb_row make_fullwidth=&#8221;on&#8221; custom_margin=&#8221;50px|||&#8221; _builder_version=&#8221;3.0.102&#8243;][et_pb_column type=&#8221;4_4&#8243; _builder_version=&#8221;3.0.47&#8243; parallax=&#8221;off&#8221; parallax_method=&#8221;on&#8221;][et_pb_text admin_label=&#8221;Esperanza Clinic Reconstruction&#8221; _builder_version=&#8221;3.0.102&#8243; header_text_color=&#8221;#ae8943&#8243;]<\/p>\n<div id=\"indexseo_1\">\n<h1 style=\"text-align: center;\"><span style=\"font-weight: 400;\">Angeles de las Amazonas financia la construcci\u00f3n y el personal profesional de la cl\u00ednica de Esperanza<\/span><\/h1>\n<\/div>\n<p>[\/et_pb_text][\/et_pb_column][\/et_pb_row][et_pb_row make_fullwidth=&#8221;on&#8221; custom_margin=&#8221;-70px|||&#8221; _builder_version=&#8221;3.0.102&#8243;][et_pb_column type=&#8221;1_3&#8243; _builder_version=&#8221;3.0.47&#8243; parallax=&#8221;off&#8221; parallax_method=&#8221;on&#8221;][et_pb_image src=&#8221;http:\/\/peruangels.wpengine.com\/wp-content\/uploads\/2018\/02\/pharmacy.jpg&#8221; _builder_version=&#8221;3.0.102&#8243; box_shadow_style=&#8221;preset1&#8243; box_shadow_color=&#8221;rgba(130,82,1,0.43)&#8221;]\u00a0<br \/>\n[\/et_pb_image][\/et_pb_column][et_pb_column type=&#8221;1_3&#8243; _builder_version=&#8221;3.0.47&#8243; parallax=&#8221;off&#8221; parallax_method=&#8221;on&#8221;][et_pb_image src=&#8221;http:\/\/peruangels.wpengine.com\/wp-content\/uploads\/2018\/02\/medication-donation.jpg&#8221; _builder_version=&#8221;3.0.102&#8243; box_shadow_style=&#8221;preset1&#8243; box_shadow_color=&#8221;rgba(130,82,1,0.43)&#8221;]\u00a0<br \/>\n[\/et_pb_image][\/et_pb_column][et_pb_column type=&#8221;1_3&#8243; _builder_version=&#8221;3.0.47&#8243; parallax=&#8221;off&#8221; parallax_method=&#8221;on&#8221;][et_pb_image src=&#8221;http:\/\/peruangels.wpengine.com\/wp-content\/uploads\/2018\/02\/nurse.jpg&#8221; _builder_version=&#8221;3.0.102&#8243; box_shadow_style=&#8221;preset1&#8243; box_shadow_color=&#8221;rgba(130,82,1,0.43)&#8221;]\u00a0<br \/>\n[\/et_pb_image][\/et_pb_column][\/et_pb_row][et_pb_row _builder_version=&#8221;3.0.47&#8243; background_size=&#8221;initial&#8221; background_position=&#8221;top_left&#8221; background_repeat=&#8221;repeat&#8221;][et_pb_column type=&#8221;4_4&#8243; _builder_version=&#8221;3.0.47&#8243; parallax=&#8221;off&#8221; parallax_method=&#8221;on&#8221;][et_pb_text _builder_version=&#8221;3.0.102&#8243;]<\/p>\n<h4 style=\"text-align: center;\"><span style=\"font-weight: 400;\">Angeles de las Amazonas comenz\u00f3 con la construcci\u00f3n de esta cl\u00ednica rural con la primera etapa, agregando pisos de concreto, dos salas para pacientes y de emergencia, ba\u00f1os, y oficinas para el personal cl\u00ednico. En 2010, se continu\u00f3 con la segunda etapa, expandiendo con una sala de maternidad y con una sala de descanso para madre y beb\u00e9 reci\u00e9n nacido. En 2011, se suministr\u00f3 electricidad mediante la utilizaci\u00f3n de energ\u00eda solar, lo que brind\u00f3 luces nocturnas para procedimientos m\u00e9dicos de emergencia, adem\u00e1s de brindar la capacidad de refrigerar vacunas. Adem\u00e1s de ampliar y mejorar las instalaciones de la cl\u00ednica, AoA tambi\u00e9n financia el salario de los servicios profesionales, contando con una enfermera de obstetricia, una enfermera para ni\u00f1os y una t\u00e9cnica de laboratorio, bajo la direcci\u00f3n del profesional t\u00e9cnico en medicina general y emergencia. Tambi\u00e9n, contamos con un professional de tiempo parcial quien es financiado por AoA. Por ultimo, Angeles de las Amazonas provee medicinas esenciales y equipos m\u00e9dicos utilizados por la cl\u00ednica, al igual de encargarse con la coordinaci\u00f3n de m\u00e9dicos que visitan para hacer cl\u00ednicas de salud de forma gratuita. <\/span><\/h4>\n<h3 style=\"text-align: center;\"><\/h3>\n<p>[\/et_pb_text][\/et_pb_column][\/et_pb_row][\/et_pb_section][et_pb_section fb_built=&#8221;1&#8243; _builder_version=&#8221;3.0.102&#8243; top_divider_style=&#8221;curve2&#8243; top_divider_color=&#8221;#52a500&#8243; top_divider_flip=&#8221;horizontal&#8221;][et_pb_row make_fullwidth=&#8221;on&#8221; custom_margin=&#8221;50px|||&#8221; _builder_version=&#8221;3.0.102&#8243;][et_pb_column type=&#8221;4_4&#8243; _builder_version=&#8221;3.0.47&#8243; parallax=&#8221;off&#8221; parallax_method=&#8221;on&#8221;][et_pb_text admin_label=&#8221;AoA Surgeries&#8221; _builder_version=&#8221;3.0.102&#8243; header_text_color=&#8221;#ae8943&#8243;]<\/p>\n<div id=\"indexseo_1\">\n<h1 style=\"text-align: center;\"><span style=\"font-weight: 400;\">Angeles de las Amazonas financia tratamientos o cirug\u00edas<\/span><\/h1>\n<\/div>\n<p>[\/et_pb_text][\/et_pb_column][\/et_pb_row][et_pb_row make_fullwidth=&#8221;on&#8221; custom_margin=&#8221;50px|||&#8221; _builder_version=&#8221;3.0.102&#8243;][et_pb_column type=&#8221;1_3&#8243; _builder_version=&#8221;3.0.47&#8243; parallax=&#8221;off&#8221; parallax_method=&#8221;on&#8221;][et_pb_image src=&#8221;http:\/\/peruangels.wpengine.com\/wp-content\/uploads\/2018\/02\/ear-examination.jpg&#8221; _builder_version=&#8221;3.0.102&#8243; box_shadow_style=&#8221;preset1&#8243; box_shadow_color=&#8221;rgba(130,82,1,0.43)&#8221;]\u00a0<br \/>\n[\/et_pb_image][\/et_pb_column][et_pb_column type=&#8221;1_3&#8243; _builder_version=&#8221;3.0.47&#8243; parallax=&#8221;off&#8221; parallax_method=&#8221;on&#8221;][et_pb_image src=&#8221;http:\/\/peruangels.wpengine.com\/wp-content\/uploads\/2018\/02\/clinic.jpg&#8221; _builder_version=&#8221;3.0.102&#8243; box_shadow_style=&#8221;preset1&#8243; box_shadow_color=&#8221;rgba(130,82,1,0.43)&#8221;]\u00a0<br \/>\n[\/et_pb_image][\/et_pb_column][et_pb_column type=&#8221;1_3&#8243; _builder_version=&#8221;3.0.47&#8243; parallax=&#8221;off&#8221; parallax_method=&#8221;on&#8221;][et_pb_image src=&#8221;http:\/\/peruangels.wpengine.com\/wp-content\/uploads\/2018\/02\/ear-examination.jpg&#8221; _builder_version=&#8221;3.0.102&#8243; box_shadow_style=&#8221;preset1&#8243; box_shadow_color=&#8221;rgba(130,82,1,0.43)&#8221;]\u00a0<br \/>\n[\/et_pb_image][\/et_pb_column][\/et_pb_row][et_pb_row _builder_version=&#8221;3.0.47&#8243; background_size=&#8221;initial&#8221; background_position=&#8221;top_left&#8221; background_repeat=&#8221;repeat&#8221;][et_pb_column type=&#8221;4_4&#8243; _builder_version=&#8221;3.0.47&#8243; parallax=&#8221;off&#8221; parallax_method=&#8221;on&#8221;][et_pb_text _builder_version=&#8221;3.0.102&#8243;]<\/p>\n<h4 style=\"text-align: center;\"><span style=\"font-weight: 400;\">Angeles de las Amazonas financia el tratamiento de pacientes que necesitan atenci\u00f3n m\u00e9dica avanzada, incluidas las cirug\u00edas, la cuales no se pueden realizar en la cl\u00ednica rural de Esperanza. Los pacientes apoyados por AoA han sido tratados en hospitales en la ciudad de Iquitos, la capital de Lima e incluso en los Estados Unidos. Dichas cirug\u00edas han incluido tratamientos contra el c\u00e1ncer, cirug\u00eda reconstructiva, restauraci\u00f3n de la vista, audici\u00f3n y capacidad para caminar.<\/span><\/h4>\n<p>[\/et_pb_text][\/et_pb_column][\/et_pb_row][\/et_pb_section][et_pb_section fb_built=&#8221;1&#8243; fullwidth=&#8221;on&#8221; _builder_version=&#8221;3.0.102&#8243; background_image=&#8221;http:\/\/peruangels.wpengine.com\/wp-content\/uploads\/2018\/02\/boat.jpg&#8221;][et_pb_fullwidth_header title=&#8221;Su contribuci\u00f3n puede ayudar hacer la diferencia en la vida de los m\u00e1s necesitados&#8221; subhead=&#8221;El objetivo de Angeles de las Amazonas es de preservar la cultura, contribuyendo al bienestar y promover la educaci\u00f3n de las comunidades del \u00e1rea del r\u00edo Tahuayo. Su apoyo en la vida de los necesitados es apreciado y agradecido. \u00a1Cont\u00e1ctanos para ver c\u00f3mo puede ayudarnos en nuestra misi\u00f3n!&#8221; background_layout=&#8221;dark&#8221; text_orientation=&#8221;center&#8221; header_fullscreen=&#8221;on&#8221; button_one_text=&#8221;Done Hoy&#8221; button_one_url=&#8221;\/es\/donar\/&#8221; background_overlay_color=&#8221;rgba(0,0,0,0.61)&#8221; logo_image_url=&#8221;http:\/\/peruangels.wpengine.com\/wp-content\/uploads\/2018\/02\/AngelsoftheAmazon-Logo-Test.png&#8221; admin_label=&#8221;Donate Today &#8221; _builder_version=&#8221;3.0.102&#8243; title_font=&#8221;|700|||||||&#8221; subhead_font=&#8221;|700|||||||&#8221;][\/et_pb_fullwidth_header][\/et_pb_section]<\/p>\n","protected":false},"excerpt":{"rendered":"<p>En 2007, Angeles de las Amazonas comenz\u00f3 una alianza con la cl\u00ednica de Esperanza Village. \u00a0Esta cl\u00ednica es la \u00fanica entidad que respalda las necesidades m\u00e9dicas de los nativos de las comunidades del r\u00edo Tahuayo. Aunque la cl\u00ednica fue construida para atender el cuidado de salud de los nativos en el \u00e1rea del r\u00edo Tahuayo, [&hellip;]<\/p>\n","protected":false},"author":2,"featured_media":0,"parent":0,"menu_order":3,"comment_status":"closed","ping_status":"closed","template":"","meta":{"_et_pb_use_builder":"on","_et_pb_old_content":"","_et_gb_content_width":"","_monsterinsights_skip_tracking":false,"_monsterinsights_sitenote_active":false,"_monsterinsights_sitenote_note":"","_monsterinsights_sitenote_category":0,"footnotes":""},"dipi_cpt_category":[],"class_list":["post-591","page","type-page","status-publish","hentry"],"_links":{"self":[{"href":"https:\/\/angelsoftheamazon.org\/es\/wp-json\/wp\/v2\/pages\/591","targetHints":{"allow":["GET"]}}],"collection":[{"href":"https:\/\/angelsoftheamazon.org\/es\/wp-json\/wp\/v2\/pages"}],"about":[{"href":"https:\/\/angelsoftheamazon.org\/es\/wp-json\/wp\/v2\/types\/page"}],"author":[{"embeddable":true,"href":"https:\/\/angelsoftheamazon.org\/es\/wp-json\/wp\/v2\/users\/2"}],"replies":[{"embeddable":true,"href":"https:\/\/angelsoftheamazon.org\/es\/wp-json\/wp\/v2\/comments?post=591"}],"version-history":[{"count":0,"href":"https:\/\/angelsoftheamazon.org\/es\/wp-json\/wp\/v2\/pages\/591\/revisions"}],"wp:attachment":[{"href":"https:\/\/angelsoftheamazon.org\/es\/wp-json\/wp\/v2\/media?parent=591"}],"wp:term":[{"taxonomy":"dipi_cpt_category","embeddable":true,"href":"https:\/\/angelsoftheamazon.org\/es\/wp-json\/wp\/v2\/dipi_cpt_category?post=591"}],"curies":[{"name":"wp","href":"https:\/\/api.w.org\/{rel}","templated":true}]}}